{"id":5,"date":"2016-10-03T17:36:59","date_gmt":"2016-10-03T15:36:59","guid":{"rendered":"http:\/\/dev.wishfish.pl\/sparrow\/?page_id=5"},"modified":"2020-02-26T12:24:06","modified_gmt":"2020-02-26T11:24:06","slug":"contact","status":"publish","type":"page","link":"https:\/\/dev.wishfish.pl\/sparrow\/contact\/","title":{"rendered":"kontakt"},"content":{"rendered":"\t\t<div data-elementor-type=\"wp-page\" data-elementor-id=\"5\" class=\"elementor elementor-5\" data-elementor-settings=\"[]\">\n\t\t\t\t\t\t<div class=\"elementor-inner\">\n\t\t\t\t\t\t\t<div class=\"elementor-section-wrap\">\n\t\t\t\t\t\t\t<section class=\"elementor-section elementor-top-section elementor-element elementor-element-70075b43 elementor-section-height-min-height elementor-section-boxed elementor-section-height-default elementor-section-items-middle\" data-id=\"70075b43\" data-element_type=\"section\" data-settings=\"{&quot;background_background&quot;:&quot;classic&quot;}\">\n\t\t\t\t\t\t\t<div class=\"elementor-background-overlay\"><\/div>\n\t\t\t\t\t\t\t<div class=\"elementor-container elementor-column-gap-default\">\n\t\t\t\t\t\t\t<div class=\"elementor-row\">\n\t\t\t\t\t<div class=\"elementor-column elementor-col-100 elementor-top-column elementor-element elementor-element-7eae83c\" data-id=\"7eae83c\" data-element_type=\"column\">\n\t\t\t<div class=\"elementor-column-wrap elementor-element-populated\">\n\t\t\t\t\t\t\t<div class=\"elementor-widget-wrap\">\n\t\t\t\t\t\t<div class=\"elementor-element elementor-element-976b7a2 elementor-widget elementor-widget-heading\" data-id=\"976b7a2\" data-element_type=\"widget\" data-widget_type=\"heading.default\">\n\t\t\t\t<div class=\"elementor-widget-container\">\n\t\t\t<h2 class=\"elementor-heading-title elementor-size-large\">Napisz do nas<\/h2>\t\t<\/div>\n\t\t\t\t<\/div>\n\t\t\t\t<div class=\"elementor-element elementor-element-62eb5463 elementor-widget-divider--view-line elementor-widget elementor-widget-divider\" data-id=\"62eb5463\" data-element_type=\"widget\" data-widget_type=\"divider.default\">\n\t\t\t\t<div class=\"elementor-widget-container\">\n\t\t\t\t\t<div class=\"elementor-divider\">\n\t\t\t<span class=\"elementor-divider-separator\">\n\t\t\t\t\t\t<\/span>\n\t\t<\/div>\n\t\t\t\t<\/div>\n\t\t\t\t<\/div>\n\t\t\t\t<div class=\"elementor-element elementor-element-656f3d9 elementor-widget elementor-widget-text-editor\" data-id=\"656f3d9\" data-element_type=\"widget\" data-widget_type=\"text-editor.default\">\n\t\t\t\t<div class=\"elementor-widget-container\">\n\t\t\t\t\t<div class=\"elementor-text-editor elementor-clearfix\"><p>Potrzebujesz eksperta? Napisz do nas, a wkr\u00f3tce skontaktujemy si\u0119 z Tob\u0105.<\/p><\/div>\n\t\t\t\t<\/div>\n\t\t\t\t<\/div>\n\t\t\t\t\t\t<\/div>\n\t\t\t\t\t<\/div>\n\t\t<\/div>\n\t\t\t\t\t\t\t\t<\/div>\n\t\t\t\t\t<\/div>\n\t\t<\/section>\n\t\t\t\t<section class=\"elementor-section elementor-top-section elementor-element elementor-element-f088b8d elementor-section-boxed elementor-section-height-default elementor-section-height-default\" data-id=\"f088b8d\" data-element_type=\"section\">\n\t\t\t\t\t\t<div class=\"elementor-container elementor-column-gap-default\">\n\t\t\t\t\t\t\t<div class=\"elementor-row\">\n\t\t\t\t\t<div class=\"elementor-column elementor-col-100 elementor-top-column elementor-element elementor-element-28ab486\" data-id=\"28ab486\" data-element_type=\"column\">\n\t\t\t<div class=\"elementor-column-wrap elementor-element-populated\">\n\t\t\t\t\t\t\t<div class=\"elementor-widget-wrap\">\n\t\t\t\t\t\t<div class=\"elementor-element elementor-element-f72c565 eael-contact-form-7-button-custom elementor-widget elementor-widget-eael-contact-form-7\" data-id=\"f72c565\" data-element_type=\"widget\" data-widget_type=\"eael-contact-form-7.default\">\n\t\t\t\t<div class=\"elementor-widget-container\">\n\t\t\t<div class=\"eael-contact-form-7-wrapper\">\n                <div class=\"eael-contact-form eael-contact-form-7 eael-contact-form-f72c565 placeholder-show eael-contact-form-align-default\"><div role=\"form\" class=\"wpcf7\" id=\"wpcf7-f61-o1\" lang=\"pl-PL\" dir=\"ltr\">\n<div class=\"screen-reader-response\"><p role=\"status\" aria-live=\"polite\" aria-atomic=\"true\"><\/p> <ul><\/ul><\/div>\n<form action=\"\/sparrow\/wp-json\/wp\/v2\/pages\/5#wpcf7-f61-o1\" method=\"post\" class=\"wpcf7-form init\" enctype=\"multipart\/form-data\" novalidate=\"novalidate\" data-status=\"init\">\n<div style=\"display: none;\">\n<input type=\"hidden\" name=\"_wpcf7\" value=\"61\" \/>\n<input type=\"hidden\" name=\"_wpcf7_version\" value=\"5.4\" \/>\n<input type=\"hidden\" name=\"_wpcf7_locale\" value=\"pl_PL\" \/>\n<input type=\"hidden\" name=\"_wpcf7_unit_tag\" value=\"wpcf7-f61-o1\" \/>\n<input type=\"hidden\" name=\"_wpcf7_container_post\" value=\"0\" \/>\n<input type=\"hidden\" name=\"_wpcf7_posted_data_hash\" value=\"\" \/>\n<\/div>\n<p><label> Nadawca (wymagane)<br \/>\n    <span class=\"wpcf7-form-control-wrap your-name\"><input type=\"text\" name=\"your-name\" value=\"\" size=\"40\" class=\"wpcf7-form-control wpcf7-text wpcf7-validates-as-required\" aria-required=\"true\" aria-invalid=\"false\" \/><\/span> <\/label><\/p>\n<p><label> Adres email (wymagane)<br \/>\n    <span class=\"wpcf7-form-control-wrap your-email\"><input type=\"email\" name=\"your-email\" value=\"\" size=\"40\" class=\"wpcf7-form-control wpcf7-text wpcf7-email wpcf7-validates-as-required wpcf7-validates-as-email\" aria-required=\"true\" aria-invalid=\"false\" \/><\/span> <\/label><\/p>\n<p><label> Tre\u015b\u0107 wiadomo\u015bci (wymagane)<br \/>\n    <span class=\"wpcf7-form-control-wrap your-message\"><textarea name=\"your-message\" cols=\"40\" rows=\"4\" class=\"wpcf7-form-control wpcf7-textarea wpcf7-validates-as-required\" aria-required=\"true\" aria-invalid=\"false\"><\/textarea><\/span> <\/label><\/p>\n<p><label> Podpis (wymagane)<br \/>\n<span class=\"wpcf7-form-control-wrap text-963\"><input type=\"text\" name=\"text-963\" value=\"\" size=\"40\" class=\"wpcf7-form-control wpcf7-text wpcf7-validates-as-required\" aria-required=\"true\" aria-invalid=\"false\" \/><\/span> <\/label><\/p>\n<p><label> Za\u0142\u0105cznik<br \/>\n<span class=\"wpcf7-form-control-wrap file-180\"><input type=\"file\" name=\"file-180\" size=\"40\" class=\"wpcf7-form-control wpcf7-file\" accept=\".gif,.png,.jpg,.jpeg,.pdf,.doc,.txt\" aria-invalid=\"false\" \/><\/span> <\/label><\/p>\n<p><input type=\"submit\" value=\"Wy\u015blij\" class=\"wpcf7-form-control wpcf7-submit\" \/><\/p>\n<input type='hidden' class='wpcf7-pum' value='{\"closepopup\":false,\"closedelay\":0,\"openpopup\":false,\"openpopup_id\":0}' \/><div class=\"wpcf7-response-output\" aria-hidden=\"true\"><\/div><\/form><\/div><\/div>\n            <\/div>\t\t<\/div>\n\t\t\t\t<\/div>\n\t\t\t\t\t\t<\/div>\n\t\t\t\t\t<\/div>\n\t\t<\/div>\n\t\t\t\t\t\t\t\t<\/div>\n\t\t\t\t\t<\/div>\n\t\t<\/section>\n\t\t\t\t<section class=\"elementor-section elementor-top-section elementor-element elementor-element-46a3f44f elementor-section-boxed elementor-section-height-default elementor-section-height-default\" data-id=\"46a3f44f\" data-element_type=\"section\">\n\t\t\t\t\t\t<div class=\"elementor-container elementor-column-gap-default\">\n\t\t\t\t\t\t\t<div class=\"elementor-row\">\n\t\t\t\t\t<div class=\"elementor-column elementor-col-50 elementor-top-column elementor-element elementor-element-60d9629c\" data-id=\"60d9629c\" data-element_type=\"column\">\n\t\t\t<div class=\"elementor-column-wrap elementor-element-populated\">\n\t\t\t\t\t\t\t<div class=\"elementor-widget-wrap\">\n\t\t\t\t\t\t<div class=\"elementor-element elementor-element-2d628374 elementor-widget elementor-widget-heading\" data-id=\"2d628374\" data-element_type=\"widget\" data-widget_type=\"heading.default\">\n\t\t\t\t<div class=\"elementor-widget-container\">\n\t\t\t<span class=\"elementor-heading-title elementor-size-large\"><p>Biuro w Polsce, Warszawa<br><i class=\"fa fa-phone\" aria-hidden=\"true\"><\/i> +48 501 463 951<br><i class=\"fa fa-envelope\" aria-hidden=\"true\"><\/i> Office@SparrowMEP.com<span style=\"font-size: 17px; font-weight: bold;\"><\/span><\/p><\/span>\t\t<\/div>\n\t\t\t\t<\/div>\n\t\t\t\t\t\t<\/div>\n\t\t\t\t\t<\/div>\n\t\t<\/div>\n\t\t\t\t<div class=\"elementor-column elementor-col-50 elementor-top-column elementor-element elementor-element-47d409db\" data-id=\"47d409db\" data-element_type=\"column\">\n\t\t\t<div class=\"elementor-column-wrap elementor-element-populated\">\n\t\t\t\t\t\t\t<div class=\"elementor-widget-wrap\">\n\t\t\t\t\t\t<div class=\"elementor-element elementor-element-5e2c6fbe elementor-widget elementor-widget-heading\" data-id=\"5e2c6fbe\" data-element_type=\"widget\" data-widget_type=\"heading.default\">\n\t\t\t\t<div class=\"elementor-widget-container\">\n\t\t\t<div class=\"elementor-heading-title elementor-size-large\"><p>Biuro w Holandii, Haga<br><i class=\"fa fa-phone\" aria-hidden=\"true\"><\/i> +31 6 25 35 23 57<br><i class=\"fa fa-envelope\" aria-hidden=\"true\"><\/i> Office@SparrowMEP.com<span style=\"font-size: 17px; font-weight: bold;\"><\/span><\/p><\/div>\t\t<\/div>\n\t\t\t\t<\/div>\n\t\t\t\t\t\t<\/div>\n\t\t\t\t\t<\/div>\n\t\t<\/div>\n\t\t\t\t\t\t\t\t<\/div>\n\t\t\t\t\t<\/div>\n\t\t<\/section>\n\t\t\t\t<section class=\"elementor-section elementor-top-section elementor-element elementor-element-110b6e7 elementor-section-boxed elementor-section-height-default elementor-section-height-default\" data-id=\"110b6e7\" data-element_type=\"section\">\n\t\t\t\t\t\t<div class=\"elementor-container elementor-column-gap-default\">\n\t\t\t\t\t\t\t<div class=\"elementor-row\">\n\t\t\t\t\t<div class=\"elementor-column elementor-col-100 elementor-top-column elementor-element elementor-element-a7dd808\" data-id=\"a7dd808\" data-element_type=\"column\">\n\t\t\t<div class=\"elementor-column-wrap elementor-element-populated\">\n\t\t\t\t\t\t\t<div class=\"elementor-widget-wrap\">\n\t\t\t\t\t\t<div class=\"elementor-element elementor-element-405eb26 elementor-widget elementor-widget-heading\" data-id=\"405eb26\" data-element_type=\"widget\" data-widget_type=\"heading.default\">\n\t\t\t\t<div class=\"elementor-widget-container\">\n\t\t\t<span class=\"elementor-heading-title elementor-size-large\"><i class=\"fa fa-skype\" aria-hidden=\"true\"><\/i> sparrowMep<br><i class=\"fa fa-whatsapp\" aria-hidden=\"true\"><\/i>  +48 501 463 951<\/p><\/span>\t\t<\/div>\n\t\t\t\t<\/div>\n\t\t\t\t\t\t<\/div>\n\t\t\t\t\t<\/div>\n\t\t<\/div>\n\t\t\t\t\t\t\t\t<\/div>\n\t\t\t\t\t<\/div>\n\t\t<\/section>\n\t\t\t\t<section class=\"elementor-section elementor-top-section elementor-element elementor-element-b525920 elementor-section-boxed elementor-section-height-default elementor-section-height-default\" data-id=\"b525920\" data-element_type=\"section\">\n\t\t\t\t\t\t<div class=\"elementor-container elementor-column-gap-default\">\n\t\t\t\t\t\t\t<div class=\"elementor-row\">\n\t\t\t\t\t<div class=\"elementor-column elementor-col-50 elementor-top-column elementor-element elementor-element-b2f2ac6\" data-id=\"b2f2ac6\" data-element_type=\"column\">\n\t\t\t<div class=\"elementor-column-wrap elementor-element-populated\">\n\t\t\t\t\t\t\t<div class=\"elementor-widget-wrap\">\n\t\t\t\t\t\t<div class=\"elementor-element elementor-element-b9677e1 elementor-widget elementor-widget-google_maps\" data-id=\"b9677e1\" data-element_type=\"widget\" data-widget_type=\"google_maps.default\">\n\t\t\t\t<div class=\"elementor-widget-container\">\n\t\t\t<div class=\"elementor-custom-embed\"><iframe frameborder=\"0\" scrolling=\"no\" marginheight=\"0\" marginwidth=\"0\" src=\"https:\/\/maps.google.com\/maps?q=Warszawa%2C%20Polska&amp;t=m&amp;z=10&amp;output=embed&amp;iwloc=near\" title=\"Warszawa, Polska\" aria-label=\"Warszawa, Polska\"><\/iframe><\/div>\t\t<\/div>\n\t\t\t\t<\/div>\n\t\t\t\t\t\t<\/div>\n\t\t\t\t\t<\/div>\n\t\t<\/div>\n\t\t\t\t<div class=\"elementor-column elementor-col-50 elementor-top-column elementor-element elementor-element-68c674d\" data-id=\"68c674d\" data-element_type=\"column\">\n\t\t\t<div class=\"elementor-column-wrap elementor-element-populated\">\n\t\t\t\t\t\t\t<div class=\"elementor-widget-wrap\">\n\t\t\t\t\t\t<div class=\"elementor-element elementor-element-c5d41a5 elementor-widget elementor-widget-google_maps\" data-id=\"c5d41a5\" data-element_type=\"widget\" data-widget_type=\"google_maps.default\">\n\t\t\t\t<div class=\"elementor-widget-container\">\n\t\t\t<div class=\"elementor-custom-embed\"><iframe frameborder=\"0\" scrolling=\"no\" marginheight=\"0\" marginwidth=\"0\" src=\"https:\/\/maps.google.com\/maps?q=Haga%2C%20Holandia&amp;t=m&amp;z=10&amp;output=embed&amp;iwloc=near\" title=\"Haga, Holandia\" aria-label=\"Haga, Holandia\"><\/iframe><\/div>\t\t<\/div>\n\t\t\t\t<\/div>\n\t\t\t\t\t\t<\/div>\n\t\t\t\t\t<\/div>\n\t\t<\/div>\n\t\t\t\t\t\t\t\t<\/div>\n\t\t\t\t\t<\/div>\n\t\t<\/section>\n\t\t\t\t\t\t<\/div>\n\t\t\t\t\t\t<\/div>\n\t\t\t\t\t<\/div>\n\t\t","protected":false},"excerpt":{"rendered":"<p>Napisz do nas Potrzebujesz eksperta? Napisz do nas, a wkr\u00f3tce skontaktujemy si\u0119 z Tob\u0105. Nadawca (wymagane) Adres email (wymagane) Tre\u015b\u0107 wiadomo\u015bci (wymagane) Podpis (wymagane) Za\u0142\u0105cznik Biuro w Polsce, Warszawa +48 501 463 951 Office@SparrowMEP.com Biuro w Holandii, Haga +31 6 25 35 23 57 Office@SparrowMEP.com sparrowMep +48 501 463 951<\/p>\n","protected":false},"author":1,"featured_media":0,"parent":0,"menu_order":0,"comment_status":"closed","ping_status":"closed","template":"","meta":[],"yoast_head":"<!-- This site is optimized with the Yoast SEO plugin v16.1.1 - https:\/\/yoast.com\/wordpress\/plugins\/seo\/ -->\n<title>kontakt - Domaszczy\u0144ski&amp;Team<\/title>\n<link rel=\"canonical\" href=\"https:\/\/dev.wishfish.pl\/sparrow\/contact\/\" \/>\n<meta property=\"og:locale\" content=\"pl_PL\" \/>\n<meta property=\"og:type\" content=\"article\" \/>\n<meta property=\"og:title\" content=\"kontakt - Domaszczy\u0144ski&amp;Team\" \/>\n<meta property=\"og:description\" content=\"Napisz do nas Potrzebujesz eksperta? Napisz do nas, a wkr\u00f3tce skontaktujemy si\u0119 z Tob\u0105. Nadawca (wymagane) Adres email (wymagane) Tre\u015b\u0107 wiadomo\u015bci (wymagane) Podpis (wymagane) Za\u0142\u0105cznik Biuro w Polsce, Warszawa +48 501 463 951 Office@SparrowMEP.com Biuro w Holandii, Haga +31 6 25 35 23 57 Office@SparrowMEP.com sparrowMep +48 501 463 951\" \/>\n<meta property=\"og:url\" content=\"https:\/\/dev.wishfish.pl\/sparrow\/contact\/\" \/>\n<meta property=\"og:site_name\" content=\"Domaszczy\u0144ski&amp;Team\" \/>\n<meta property=\"article:modified_time\" content=\"2020-02-26T11:24:06+00:00\" \/>\n<meta name=\"twitter:card\" content=\"summary_large_image\" \/>\n<script type=\"application\/ld+json\" class=\"yoast-schema-graph\">{\"@context\":\"https:\/\/schema.org\",\"@graph\":[{\"@type\":\"WebSite\",\"@id\":\"https:\/\/dev.wishfish.pl\/sparrow\/#website\",\"url\":\"https:\/\/dev.wishfish.pl\/sparrow\/\",\"name\":\"Domaszczy\\u0144ski&amp;Team\",\"description\":\"Pracownia Projektowa Instalacji Sanitarnych Domaszczy\\u0144ski&amp;Team\",\"potentialAction\":[{\"@type\":\"SearchAction\",\"target\":\"https:\/\/dev.wishfish.pl\/sparrow\/?s={search_term_string}\",\"query-input\":\"required name=search_term_string\"}],\"inLanguage\":\"pl-PL\"},{\"@type\":\"WebPage\",\"@id\":\"https:\/\/dev.wishfish.pl\/sparrow\/contact\/#webpage\",\"url\":\"https:\/\/dev.wishfish.pl\/sparrow\/contact\/\",\"name\":\"kontakt - Domaszczy\\u0144ski&amp;Team\",\"isPartOf\":{\"@id\":\"https:\/\/dev.wishfish.pl\/sparrow\/#website\"},\"datePublished\":\"2016-10-03T15:36:59+00:00\",\"dateModified\":\"2020-02-26T11:24:06+00:00\",\"breadcrumb\":{\"@id\":\"https:\/\/dev.wishfish.pl\/sparrow\/contact\/#breadcrumb\"},\"inLanguage\":\"pl-PL\",\"potentialAction\":[{\"@type\":\"ReadAction\",\"target\":[\"https:\/\/dev.wishfish.pl\/sparrow\/contact\/\"]}]},{\"@type\":\"BreadcrumbList\",\"@id\":\"https:\/\/dev.wishfish.pl\/sparrow\/contact\/#breadcrumb\",\"itemListElement\":[{\"@type\":\"ListItem\",\"position\":1,\"item\":{\"@type\":\"WebPage\",\"@id\":\"https:\/\/dev.wishfish.pl\/sparrow\/\",\"url\":\"https:\/\/dev.wishfish.pl\/sparrow\/\",\"name\":\"Strona g\\u0142\\u00f3wna\"}},{\"@type\":\"ListItem\",\"position\":2,\"item\":{\"@type\":\"WebPage\",\"@id\":\"https:\/\/dev.wishfish.pl\/sparrow\/contact\/\",\"url\":\"https:\/\/dev.wishfish.pl\/sparrow\/contact\/\",\"name\":\"kontakt\"}}]}]}<\/script>\n<!-- \/ Yoast SEO plugin. -->","_links":{"self":[{"href":"https:\/\/dev.wishfish.pl\/sparrow\/wp-json\/wp\/v2\/pages\/5"}],"collection":[{"href":"https:\/\/dev.wishfish.pl\/sparrow\/wp-json\/wp\/v2\/pages"}],"about":[{"href":"https:\/\/dev.wishfish.pl\/sparrow\/wp-json\/wp\/v2\/types\/page"}],"author":[{"embeddable":true,"href":"https:\/\/dev.wishfish.pl\/sparrow\/wp-json\/wp\/v2\/users\/1"}],"replies":[{"embeddable":true,"href":"https:\/\/dev.wishfish.pl\/sparrow\/wp-json\/wp\/v2\/comments?post=5"}],"version-history":[{"count":16,"href":"https:\/\/dev.wishfish.pl\/sparrow\/wp-json\/wp\/v2\/pages\/5\/revisions"}],"predecessor-version":[{"id":753,"href":"https:\/\/dev.wishfish.pl\/sparrow\/wp-json\/wp\/v2\/pages\/5\/revisions\/753"}],"wp:attachment":[{"href":"https:\/\/dev.wishfish.pl\/sparrow\/wp-json\/wp\/v2\/media?parent=5"}],"curies":[{"name":"wp","href":"https:\/\/api.w.org\/{rel}","templated":true}]}}